{"id":10643,"date":"2017-08-15T21:58:36","date_gmt":"2017-08-16T02:58:36","guid":{"rendered":"http:\/\/caissebiz.thedev.ca\/?page_id=10643\/"},"modified":"2020-08-16T11:46:55","modified_gmt":"2020-08-16T16:46:55","slug":"comment-envoyer-un-virement-interac","status":"publish","type":"page","link":"https:\/\/caissebiz.thedev.ca\/fr\/comment-envoyer-un-virement-interac\/","title":{"rendered":"Comment envoyer un Virement INTERAC<sup>MD<\/sup>"},"content":{"rendered":"<p><a href=\"..\/..\/wp-content\/uploads\/2017\/09\/Caisse-Groupe-Financier-Virement-Interac.pdf\" target=\"_blank\" rel=\"noopener noreferrer\"><img loading=\"lazy\" class=\"alignleft size-full wp-image-8311\" src=\"..\/..\/wp-content\/uploads\/2016\/10\/pdf.jpg\" alt=\"pdf\" width=\"32\" height=\"32\" \/> Version PDF<\/a><\/p>\n<h4><span style=\"color: #00adef;\">\u00c9TAPES \u00c0 SUIVRE POUR ENVOYER UN VIREMENT INTERAC<sup>MD<\/sup><\/span><\/h4>\n<p><strong><span style=\"color: #064f6d;\">La premi\u00e8re fois que vous envoyez un Virement <em>Interac<\/em><sup>MD<\/sup>, on vous demandera de cr\u00e9er votre \u00ab Profil d\u2019exp\u00e9diteur \u00bb.<\/span><\/strong><\/p>\n<p>Ces informations seront utilis\u00e9es par <em>Interac<\/em><sup>MD<\/sup> pour effectuer vos transactions de Virement <em>Interac<\/em><sup>MD<\/sup>.<\/p>\n<p>Entrez votre nom, adresse courriel, num\u00e9ro de t\u00e9l\u00e9phone mobile (facultatif) et votre m\u00e9thode pr\u00e9f\u00e9r\u00e9e de recevoir les avis de Virement <em>Interac<\/em><sup>MD<\/sup> (texto et\/ou courriel).<\/p>\n<p>Pour mettre \u00e0 jour votre <span style=\"color: #064f6d;\">Profil d&#8217;exp\u00e9diteur<\/span>: cliquez <span style=\"color: #064f6d;\">AJOUTER\/SUPPRIMER UN DESTINATAIRE<\/span> et choisissez <span style=\"color: #064f6d;\">MODIFIER MON PROFIL D\u2019EXPEDITEUR<\/span>.<\/p>\n<p><strong><span style=\"color: #064f6d;\">SUIVEZ CES \u00c9TAPES POUR ENVOYER UN VIREMENT INTERAC<sup>MD<\/sup> :<\/span><\/strong><\/p>\n<div style=\"padding: 1% 0% 0% 0%; margin: 2% 0% 2% 0%; color: #555555; background-color: #ffffff; border: #dddddd 2px solid;\">\n<table width=\"100%\">\n<tbody>\n<tr>\n<td style=\"padding: 0% 1% 0% 1%;\" colspan=\"5\" align=\"center\" valign=\"top\" width=\"8%\"><img loading=\"lazy\" class=\"alignleft size-full wp-image-10486\" src=\"..\/..\/wp-content\/uploads\/2017\/08\/WarningIcon1.png\" alt=\"WarningIcon\" width=\"35\" height=\"32\" \/><\/td>\n<td style=\"padding: 0% 1% 0% 1%;\" width=\"88%\">\n<p style=\"font-size: 110%; color: #6d6e70;\">Vous ne pouvez pas sp\u00e9cifier la date \u00e0 laquelle vous voulez transf\u00e9rer les fonds. Le Virement <em>Interac<\/em><sup>MD<\/sup> sera envoy\u00e9 en 30 minutes ou moins la journ\u00e9e m\u00eame \u00e0 laquelle vous effectuez la transaction.<\/p>\n<\/td>\n<\/tr>\n<\/tbody>\n<\/table>\n<\/div>\n<table style=\"margin: 2% 0% 2% 0%;\" width=\"100%\">\n<tbody>\n<tr>\n<td style=\"padding: 0% 2% 0% 2%; border-width: 0px 0px 1px 0px; border-style: solid; border-color: #dddddd;\" colspan=\"5\" align=\"center\" valign=\"top\" width=\"6%\">\n<p style=\"font-size: 125%; color: #00adef;\">1<\/p>\n<\/td>\n<td style=\"padding: 0% 2% 0% 2%; border-width: 0px 0px 1px 2px; border-style: solid; border-color: #dddddd #00adef;\" align=\"left\" valign=\"top\" width=\"60%\">\n<p style=\"font-size: 125%;\">Ouvrir une session <a href=\"https:\/\/secure1.telpay.ca\/cgi-bin\/caisse?LANG=F\" target=\"_blank\" rel=\"noopener noreferrer\">e-Caisse<\/a><\/p>\n<\/td>\n<td style=\"padding: 0% 2% 0% 2%; border-width: 0px 0px 1px 1px; border-style: solid; border-color: #dddddd;\" align=\"left\" valign=\"top\" width=\"26%\"><\/td>\n<\/tr>\n<tr>\n<td style=\"padding: 0% 2% 0% 2%; border-width: 0px 0px 1px 0px; border-style: solid; border-color: #dddddd;\" colspan=\"5\" align=\"center\" valign=\"top\" width=\"6%\">\n<p style=\"font-size: 125%; color: #00adef;\">2<\/p>\n<\/td>\n<td style=\"padding: 0% 2% 0% 2%; border-width: 0px 0px 1px 2px; border-style: solid; border-color: #dddddd #00adef;\" align=\"left\" valign=\"top\" width=\"60%\">\n<p style=\"font-size: 125%;\">Cliquer l&#8217;onglet <span style=\"color: #064f6d;\">TRANSFERTS<\/span><\/p>\n<\/td>\n<td style=\"padding: 0% 2% 0% 2%; border-width: 0px 0px 1px 1px; border-style: solid; border-color: #dddddd;\" align=\"left\" valign=\"top\" width=\"26%\">\n<p style=\"font-size: 125%;\"><img loading=\"lazy\" class=\"alignleft size-full wp-image-10647\" src=\"..\/..\/wp-content\/uploads\/2017\/08\/01TabTransferts.png\" alt=\"01TabTransferts\" width=\"89\" height=\"28\" \/><\/p>\n<\/td>\n<\/tr>\n<tr>\n<td style=\"padding: 0% 2% 0% 2%; border-width: 0px 0px 1px 0px; border-style: solid; border-color: #dddddd;\" colspan=\"5\" align=\"center\" valign=\"top\" width=\"6%\">\n<p style=\"font-size: 125%; color: #00adef;\">3<\/p>\n<\/td>\n<td style=\"padding: 0% 2% 0% 2%; border-width: 0px 0px 1px 2px; border-style: solid; border-color: #dddddd #00adef;\" align=\"left\" valign=\"top\" width=\"60%\">\n<p style=\"font-size: 125%;\">Cliquez l&#8217;onglet <span style=\"color: #064f6d;\">VIREMENT INTERAC<sup>MD<\/sup><\/span><\/p>\n<\/td>\n<td style=\"padding: 0% 2% 0% 2%; border-width: 0px 0px 1px 1px; border-style: solid; border-color: #dddddd;\" align=\"left\" valign=\"top\" width=\"26%\">\n<p style=\"font-size: 125%;\"><img loading=\"lazy\" class=\"alignleft size-full wp-image-10648\" src=\"..\/..\/wp-content\/uploads\/2017\/08\/02BtnVirementInterac.png\" alt=\"02BtnVirementInterac\" width=\"81\" height=\"61\" \/><\/p>\n<\/td>\n<\/tr>\n<tr>\n<td style=\"padding: 0% 2% 0% 2%; border-width: 0px 0px 1px 0px; border-style: solid; border-color: #dddddd;\" colspan=\"5\" align=\"center\" valign=\"top\" width=\"6%\">\n<p style=\"font-size: 125%; color: #00adef;\">4<\/p>\n<\/td>\n<td style=\"padding: 0% 2% 0% 2%; border-width: 0px 0px 1px 2px; border-style: solid; border-color: #dddddd #00adef;\" align=\"left\" valign=\"top\" width=\"60%\">\n<p style=\"font-size: 125%;\">Cliquer sur le bouton <span style=\"color: #064f6d;\"> ALLER<\/span><\/p>\n<\/td>\n<td style=\"padding: 0% 2% 0% 2%; border-width: 0px 0px 1px 1px; border-style: solid; border-color: #dddddd;\" align=\"left\" valign=\"top\" width=\"26%\">\n<p style=\"font-size: 125%;\"><img loading=\"lazy\" class=\"alignleft size-full wp-image-10649\" src=\"..\/..\/wp-content\/uploads\/2017\/08\/03BtnAller.png\" alt=\"03BtnAller\" width=\"45\" height=\"22\" \/><\/p>\n<\/td>\n<\/tr>\n<tr>\n<td style=\"padding: 0% 2% 0% 2%; border-width: 0px 0px 1px 0px; border-style: solid; border-color: #dddddd;\" colspan=\"5\" align=\"center\" valign=\"top\" width=\"6%\">\n<p style=\"font-size: 125%; color: #00adef;\">5<\/p>\n<\/td>\n<td style=\"padding: 0% 2% 0% 2%; border-width: 0px 0px 1px 2px; border-style: solid; border-color: #dddddd #00adef;\" align=\"left\" valign=\"top\" width=\"60%\">\n<p style=\"font-size: 125%;\"><strong><span style=\"color: #064f6d;\">Envoyer un Virement <em>Interac<\/em><sup>MD<\/sup> \u00e0 un destinataire existant :<\/span><\/strong><\/p>\n<ul>\n<li style=\"font-size: 85%;\">Choisissez le destinataire dans la liste et compl\u00e9tez les informations requises pour le virement.<\/li>\n<\/ul>\n<p style=\"font-size: 125%;\"><strong><span style=\"color: #064f6d;\">Envoyer un virement <em>Interac<\/em><sup>MD<\/sup> \u00e0 un nouveau destinataire :<\/span><\/strong><\/p>\n<ul>\n<li style=\"font-size: 85%;\">Cliquer <span style=\"color: #064f6d;\">AJOUTER UN NOUVEAU DESTINATAIRE<\/span> (en-dessous de <span style=\"color: #064f6d;\">Virer \u00e0<\/span>).<\/li>\n<li style=\"font-size: 85%;\">Entrer les informations du nouveau destinataire et cr\u00e9er une question de s\u00e9curit\u00e9 et une r\u00e9ponse de s\u00e9curit\u00e9 que seulement le destinataire conna\u00eet.<br \/>\nCr\u00e9er une question de s\u00e9curit\u00e9 et une r\u00e9ponse de s\u00e9curit\u00e9 que seulement le destinataire conna\u00eet.<\/p>\n<div style=\"padding: 1% 0% 0% 0%; margin: 2% 0% 2% 0%; color: #555555; background-color: #ffffff; border: #dddddd 2px solid;\">\n<table width=\"100%\">\n<tbody>\n<tr>\n<td style=\"padding: 0% 1% 0% 1%;\" colspan=\"5\" align=\"left\" valign=\"middle\" width=\"8%\">La r\u00e9ponse de s\u00e9curit\u00e9 doit seulement \u00eatre un mot de 6 \u00e0 25 caract\u00e8res, sans espace ni caract\u00e8res sp\u00e9ciaux. Il n\u2019y a pas de distinction majuscule\/minuscule dans la r\u00e9ponse et elle peut contenir des lettres et des chiffres. Si la r\u00e9ponse est une date, le format \u00e0 utiliser est : jj-mm-aaaa (ex : 22-03-2011).<\/td>\n<\/tr>\n<\/tbody>\n<\/table>\n<\/div>\n<\/li>\n<li style=\"font-size: 85%;\">Cliquer sur le bouton <span style=\"color: #064f6d;\">AJOUTER UN DESTINATAIRE<\/span>.<\/li>\n<li style=\"font-size: 85%;\">V\u00e9rifier les informations et cliquer <span style=\"color: #064f6d;\">CONFIRMER<\/span>.<\/li>\n<\/ul>\n<\/td>\n<td style=\"padding: 0% 2% 0% 2%; border-width: 0px 0px 1px 1px; border-style: solid; border-color: #dddddd;\" align=\"left\" valign=\"top\" width=\"26%\"><img loading=\"lazy\" class=\"alignleft size-full wp-image-10792\" src=\"..\/..\/wp-content\/uploads\/2017\/08\/AjouterNouveauDestinataire.png\" alt=\"AjouterNouveauDestinataire\" width=\"168\" height=\"17\" \/><\/p>\n<p><img loading=\"lazy\" class=\"alignleft size-full wp-image-10654\" src=\"..\/..\/wp-content\/uploads\/2017\/08\/PremiereFoisCBtnAjouterDestinataire.png\" alt=\"PremiereFoisCBtnAjouterDestinataire\" width=\"147\" height=\"24\" \/><br \/>\n<img loading=\"lazy\" class=\"alignleft size-full wp-image-10655\" src=\"..\/..\/wp-content\/uploads\/2017\/08\/PremiereFoisDBtnConfirmer.png\" alt=\"PremiereFoisDBtnConfirmer\" width=\"84\" height=\"26\" \/><\/td>\n<\/tr>\n<\/tbody>\n<\/table>\n<div style=\"padding: 1% 0% 0% 0%; margin: 2% 0% 2% 0%; color: #555555; background-color: #ffffff; border: #dddddd 2px solid;\">\n<table width=\"100%\">\n<tbody>\n<tr>\n<td style=\"padding: 0% 1% 0% 1%;\" colspan=\"5\" align=\"center\" valign=\"top\" width=\"8%\"><img loading=\"lazy\" class=\"alignleft size-full wp-image-10486\" src=\"..\/..\/wp-content\/uploads\/2017\/08\/WarningIcon1.png\" alt=\"WarningIcon\" width=\"35\" height=\"32\" \/><\/td>\n<td style=\"padding: 0% 1% 0% 1%;\" width=\"88%\">\n<p style=\"font-size: 110%; color: #6d6e70;\">Assurez-vous que le destinataire conna\u00eet la r\u00e9ponse \u00e0 la question de s\u00e9curit\u00e9.<\/p>\n<p style=\"font-size: 110%; color: #6d6e70;\">Si le destinataire ne r\u00e9pond pas \u00e0 la question correctement, vous recevrez un avis par courriel et\/ou texto avec les directives \u00e0 suivre pour r\u00e9clamer vos fonds et les d\u00e9poser dans votre compte.<\/p>\n<p style=\"font-size: 110%; color: #6d6e70;\">Vous pouvez effacer le destinataire ou modifier ses informations \u00e0 n\u2019importe quel moment.<\/p>\n<p style=\"font-size: 110%; color: #6d6e70;\">\u00c0 chaque fois que vous modifiez le profil d\u2019un destinataire, la r\u00e9ponse \u00e0 la question de s\u00e9curit\u00e9 doit \u00eatre entr\u00e9e de nouveau. Si vous changez la r\u00e9ponse, veuillez informer le destinataire.<\/p>\n<\/td>\n<\/tr>\n<\/tbody>\n<\/table>\n<\/div>\n<table style=\"margin: 2% 0% 2% 0%;\" width=\"100%\">\n<tbody>\n<tr>\n<td style=\"padding: 0% 2% 0% 2%; border-width: 0px 0px 1px 0px; border-style: solid; border-color: #dddddd;\" colspan=\"5\" align=\"center\" valign=\"top\" width=\"6%\">\n<p style=\"font-size: 125%; color: #00adef;\">6<\/p>\n<\/td>\n<td style=\"padding: 0% 2% 0% 2%; border-width: 0px 0px 1px 2px; border-style: solid; border-color: #dddddd #00adef;\" align=\"left\" valign=\"top\" width=\"60%\">\n<p style=\"font-size: 125%;\">Entrer les informations requises du Virement <em>Interac<\/em><sup>MD<\/sup>.<\/p>\n<\/td>\n<td style=\"padding: 0% 2% 0% 2%; border-width: 0px 0px 1px 1px; border-style: solid; border-color: #dddddd;\" align=\"left\" valign=\"top\" width=\"26%\"><\/td>\n<\/tr>\n<tr>\n<td style=\"padding: 0% 2% 0% 2%; border-width: 0px 0px 1px 0px; border-style: solid; border-color: #dddddd;\" colspan=\"5\" align=\"center\" valign=\"top\" width=\"6%\">\n<p style=\"font-size: 125%; color: #00adef;\">7<\/p>\n<\/td>\n<td style=\"padding: 0% 2% 0% 2%; border-width: 0px 0px 1px 2px; border-style: solid; border-color: #dddddd #00adef;\" align=\"left\" valign=\"top\" width=\"60%\">\n<p style=\"font-size: 125%;\">Cliquer <span style=\"color: #064f6d;\">EXP\u00c9DIER UN VIREMENT<\/span><\/p>\n<\/td>\n<td style=\"padding: 0% 2% 0% 2%; border-width: 0px 0px 1px 1px; border-style: solid; border-color: #dddddd;\" align=\"left\" valign=\"top\" width=\"26%\">\n<p style=\"font-size: 125%;\"><img loading=\"lazy\" class=\"alignleft size-full wp-image-10650\" src=\"..\/..\/wp-content\/uploads\/2017\/08\/04BtnExpedierUnVirement.png\" alt=\"04BtnExpedierUnVirement\" width=\"143\" height=\"25\" \/><\/p>\n<\/td>\n<\/tr>\n<tr>\n<td style=\"padding: 0% 2% 0% 2%; border-width: 0px 0px 1px 0px; border-style: solid; border-color: #dddddd;\" colspan=\"5\" align=\"center\" valign=\"top\" width=\"6%\">\n<p style=\"font-size: 125%; color: #00adef;\">8<\/p>\n<\/td>\n<td style=\"padding: 0% 2% 0% 2%; border-width: 0px 0px 1px 2px; border-style: solid; border-color: #dddddd #00adef;\" align=\"left\" valign=\"top\" width=\"60%\">\n<p style=\"font-size: 125%;\">V\u00e9rifier les d\u00e9tails et cliquer <span style=\"color: #064f6d;\">CONFIRMER<\/span>. Une confirmation sera affich\u00e9e.<\/p>\n<p style=\"font-size: 125%;\">Le montant du virement plus le frais de service (si applicable) seront d\u00e9bit\u00e9s de votre compte imm\u00e9diatement.<\/p>\n<p style=\"font-size: 125%;\">Vous pouvez choisir d\u2019envoyer un autre virement ou de fermer la session.<\/p>\n<\/td>\n<td style=\"padding: 0% 2% 0% 2%; border-width: 0px 0px 1px 1px; border-style: solid; border-color: #dddddd;\" align=\"left\" valign=\"top\" width=\"26%\">\n<p style=\"font-size: 125%;\"><img loading=\"lazy\" class=\"alignleft size-full wp-image-10651\" src=\"..\/..\/wp-content\/uploads\/2017\/08\/05BtnConfirmer.png\" alt=\"05BtnConfirmer\" width=\"79\" height=\"25\" \/><\/p>\n<\/td>\n<\/tr>\n<\/tbody>\n<\/table>\n<div style=\"padding: 1% 0% 0% 0%; margin: 2% 0% 2% 0%; color: #555555; background-color: #ffffff; border: #dddddd 2px solid;\">\n<table width=\"100%\">\n<tbody>\n<tr>\n<td style=\"padding: 0% 1% 0% 1%;\" colspan=\"5\" align=\"center\" valign=\"top\" width=\"8%\"><img loading=\"lazy\" class=\"alignleft size-full wp-image-10486\" src=\"..\/..\/wp-content\/uploads\/2017\/08\/WarningIcon1.png\" alt=\"WarningIcon\" width=\"35\" height=\"32\" \/><\/td>\n<td style=\"padding: 0% 1% 0% 1%;\" width=\"88%\">\n<p style=\"font-size: 110%; color: #6d6e70;\">Pour des raisons de s\u00e9curit\u00e9, il est important de fermer votre navigateur et de retourner \u00e0 e-Caisse pour vous d\u00e9connecter.<\/p>\n<\/td>\n<\/tr>\n<\/tbody>\n<\/table>\n<\/div>\n<p>Une fois que le destinataire accepte le transfert, vous allez recevoir un avis par courriel de l\u2019adresse <span style=\"color: #064f6d;\">catch@payments.interac.ca<\/span> et\/ou par texto du num\u00e9ro <span style=\"color: #064f6d;\">+1 00001<\/span> selon les pr\u00e9f\u00e9rences s\u00e9lectionn\u00e9es dans votre <span style=\"color: #064f6d;\">Profil d&#8217;exp\u00e9diteur<\/span>.<\/p>\n<hr \/>\n<p><strong><span style=\"color: #064f6d;\">UNE FOIS QUE LE VIREMENT INTERAC<sup>MD<\/sup> EST ENVOY\u00c9 :<\/span><\/strong><\/p>\n<ul>\n<li style=\"list-style-type: none;\">\n<ul>\n<li>Un avis sera envoy\u00e9 au destinataire par courriel ou texto dans les 30 minutes suivant l\u2019envoi, sinon instantan\u00e9ment. Dans l\u2019onglet <span style=\"color: #064f6d;\">AFFICHER\/ENVOYER DE NOUVEAU\/ANNULER-VIREMENTS DE FONDS EN SUSPENS<\/span> le statut du Virement Interac<sup>MD<\/sup> sera chang\u00e9 \u00e0 \u00ab <span style=\"color: #064f6d;\">Le destinataire a \u00e9t\u00e9 avis\u00e9<\/span> \u00bb.<\/li>\n<\/ul>\n<\/li>\n<\/ul>\n<div style=\"padding: 1% 0% 0% 0%; margin: 2% 0% 2% 0%; color: #555555; background-color: #ffffff; border: #dddddd 2px solid;\">\n<table width=\"100%\">\n<tbody>\n<tr>\n<td style=\"padding: 0% 1% 0% 1%;\" colspan=\"5\" align=\"center\" valign=\"top\" width=\"8%\"><img loading=\"lazy\" class=\"alignleft size-full wp-image-10486\" src=\"..\/..\/wp-content\/uploads\/2017\/08\/WarningIcon1.png\" alt=\"WarningIcon\" width=\"35\" height=\"32\" \/><\/td>\n<td style=\"padding: 0% 1% 0% 1%;\" width=\"88%\">\n<p style=\"font-size: 110%; color: #6d6e70;\">Si le destinataire n\u2019a pas re\u00e7u un courriel apr\u00e8s 30 minutes, il devrait v\u00e9rifier son dossier Spam\/Pourriel.<\/p>\n<\/td>\n<\/tr>\n<\/tbody>\n<\/table>\n<\/div>\n<ul>\n<li style=\"list-style-type: none;\">\n<ul>\n<li>Le destinataire va cliquer sur le lien, ouvrir une session dans son service bancaire en ligne, suivre les directives et r\u00e9pondre \u00e0 la question de s\u00e9curit\u00e9 pour recevoir les fonds.<\/li>\n<\/ul>\n<\/li>\n<\/ul>\n<div style=\"padding: 1% 0% 0% 0%; margin: 2% 0% 2% 0%; color: #555555; background-color: #ffffff; border: #dddddd 2px solid;\">\n<table width=\"100%\">\n<tbody>\n<tr>\n<td style=\"padding: 0% 1% 0% 1%;\" colspan=\"5\" align=\"center\" valign=\"middle\" width=\"8%\"><img loading=\"lazy\" class=\"alignleft size-full wp-image-10486\" src=\"..\/..\/wp-content\/uploads\/2017\/08\/WarningIcon1.png\" alt=\"WarningIcon\" width=\"35\" height=\"32\" \/><\/td>\n<td style=\"padding: 0% 1% 0% 1%;\" width=\"88%\">\n<p style=\"font-size: 110%; color: #6d6e70;\">Si le destinataire ne r\u00e9pond pas \u00e0 la question de s\u00e9curit\u00e9 correctement, vous recevrez un courriel et\/ou un texto avec les instructions pour d\u00e9poser les fonds dans votre compte.<\/p>\n<\/td>\n<\/tr>\n<\/tbody>\n<\/table>\n<\/div>\n<ul>\n<li>Quand les fonds seront d\u00e9pos\u00e9s par le destinataire, vous recevrez un avis par courriel de l\u2019adresse <span style=\"color: #064f6d;\">catch@payments.interac.ca<\/span> et\/ou par texto du num\u00e9ro <span style=\"color: #064f6d;\">+1 00001<\/span> selon les pr\u00e9f\u00e9rences s\u00e9lectionn\u00e9es dans votre <span style=\"color: #064f6d;\">Profil d&#8217;exp\u00e9diteur<\/span>.<\/li>\n<\/ul>\n<hr \/>\n<h4><span style=\"color: #00adef;\">AVEZ-VOUS DES QUESTIONS OU BESOIN D&#8217;AIDE ?<\/span><\/h4>\n<ul>\n<li>Notre personnel est disponible pour r\u00e9pondre \u00e0 vos questions durant les heures d\u2019ouverture des centres de services. <a href=\"..\/contactez-nous\/\" target=\"_blank\" rel=\"noopener noreferrer\">Contactez-nous.<\/a><\/li>\n<li>Le support technique est disponible 24 heures sur 7 jours par semaine :\n<ul>\n<li>Canada et \u00c9tats-Unis : <span style=\"color: #064f6d;\">1-866-260-7060<\/span><\/li>\n<li>Autres pays : contactez <span style=\"color: #064f6d;\">1-925-293-5241<\/span> \u00e0 frais vir\u00e9s<\/li>\n<\/ul>\n<p>Service disponible en fran\u00e7ais et en anglais.<\/li>\n<li><a href=\"http:\/\/interac.ca\/fr\/virement-interac-consommateurs.html\" target=\"_blank\" rel=\"noopener noreferrer\">Cliquez ici<\/a> pour plus de renseignements au sujet du Virement <em>Interac<\/em><sup>MD<\/sup>.<\/li>\n<\/ul>\n","protected":false},"excerpt":{"rendered":"<p>Version PDF \u00c9TAPES \u00c0 SUIVRE POUR ENVOYER UN VIREMENT INTERACMD La premi\u00e8re fois que vous envoyez un Virement InteracMD, on vous demandera de cr\u00e9er votre \u00ab Profil d\u2019exp\u00e9diteur \u00bb. Ces informations seront utilis\u00e9es par InteracMD pour effectuer vos transactions de Virement InteracMD. Entrez votre nom, adresse courriel, num\u00e9ro de t\u00e9l\u00e9phone mobile (facultatif) et votre m\u00e9thode [&hellip;]<\/p>\n","protected":false},"author":7,"featured_media":10257,"parent":0,"menu_order":0,"comment_status":"closed","ping_status":"closed","template":"tpl_page_right_sidebar.php","meta":[],"_links":{"self":[{"href":"https:\/\/caissebiz.thedev.ca\/fr\/wp-json\/wp\/v2\/pages\/10643\/"}],"collection":[{"href":"https:\/\/caissebiz.thedev.ca\/fr\/wp-json\/wp\/v2\/pages\/"}],"about":[{"href":"https:\/\/caissebiz.thedev.ca\/fr\/wp-json\/wp\/v2\/types\/page\/"}],"author":[{"embeddable":true,"href":"https:\/\/caissebiz.thedev.ca\/fr\/wp-json\/wp\/v2\/users\/7\/"}],"replies":[{"embeddable":true,"href":"https:\/\/caissebiz.thedev.ca\/fr\/wp-json\/wp\/v2\/comments\/?post=10643"}],"version-history":[{"count":0,"href":"https:\/\/caissebiz.thedev.ca\/fr\/wp-json\/wp\/v2\/pages\/10643\/revisions\/"}],"wp:featuredmedia":[{"embeddable":true,"href":"https:\/\/caissebiz.thedev.ca\/fr\/wp-json\/wp\/v2\/media\/10257\/"}],"wp:attachment":[{"href":"https:\/\/caissebiz.thedev.ca\/fr\/wp-json\/wp\/v2\/media\/?parent=10643"}],"curies":[{"name":"wp","href":"https:\/\/api.w.org\/{rel}","templated":true}]}}