{"id":12767,"date":"2018-04-05T14:52:50","date_gmt":"2018-04-05T19:52:50","guid":{"rendered":"http:\/\/caissebiz.thedev.ca\/?page_id=12767\/"},"modified":"2020-08-16T18:36:49","modified_gmt":"2020-08-16T23:36:49","slug":"comprendre-le-reer","status":"publish","type":"page","link":"https:\/\/caissebiz.thedev.ca\/fr\/comprendre-le-reer\/","title":{"rendered":"Comprendre le REER"},"content":{"rendered":"<p><a href=\"..\/..\/wp-content\/uploads\/2018\/04\/CaisseGF-ComprendreREER.pdf\"> <img loading=\"lazy\" src=\"..\/..\/wp-content\/uploads\/2018\/04\/Btn-ComprendreLesREER.png\" alt=\"\" width=\"600\" height=\"172\" class=\"alignnone size-full wp-image-14081\" srcset=\"https:\/\/caissebiz.thedev.ca\/wp-content\/uploads\/2018\/04\/Btn-ComprendreLesREER.png 600w, https:\/\/caissebiz.thedev.ca\/wp-content\/uploads\/2018\/04\/Btn-ComprendreLesREER-300x86.png 300w\" sizes=\"(max-width: 600px) 100vw, 600px\" \/><\/a><br \/>\n&emsp;<br \/>\nVos cotisations, qui doivent respecter certaines limites, sont d\u00e9ductibles d\u2019imp\u00f4t et les revenus g\u00e9n\u00e9r\u00e9s ne sont pas imposables. Vous pouvez avoir autant de REER que vous le souhaitez.<\/p>\n","protected":false},"excerpt":{"rendered":"<p>&emsp; Vos cotisations, qui doivent respecter certaines limites, sont d\u00e9ductibles d\u2019imp\u00f4t et les revenus g\u00e9n\u00e9r\u00e9s ne sont pas imposables. Vous pouvez avoir autant de REER que vous le souhaitez.<\/p>\n","protected":false},"author":7,"featured_media":0,"parent":0,"menu_order":0,"comment_status":"closed","ping_status":"closed","template":"tpl_accounts_personal.php","meta":[],"_links":{"self":[{"href":"https:\/\/caissebiz.thedev.ca\/fr\/wp-json\/wp\/v2\/pages\/12767\/"}],"collection":[{"href":"https:\/\/caissebiz.thedev.ca\/fr\/wp-json\/wp\/v2\/pages\/"}],"about":[{"href":"https:\/\/caissebiz.thedev.ca\/fr\/wp-json\/wp\/v2\/types\/page\/"}],"author":[{"embeddable":true,"href":"https:\/\/caissebiz.thedev.ca\/fr\/wp-json\/wp\/v2\/users\/7\/"}],"replies":[{"embeddable":true,"href":"https:\/\/caissebiz.thedev.ca\/fr\/wp-json\/wp\/v2\/comments\/?post=12767"}],"version-history":[{"count":0,"href":"https:\/\/caissebiz.thedev.ca\/fr\/wp-json\/wp\/v2\/pages\/12767\/revisions\/"}],"wp:attachment":[{"href":"https:\/\/caissebiz.thedev.ca\/fr\/wp-json\/wp\/v2\/media\/?parent=12767"}],"curies":[{"name":"wp","href":"https:\/\/api.w.org\/{rel}","templated":true}]}}