{"id":157,"date":"2015-10-23T11:50:08","date_gmt":"2015-10-23T16:50:08","guid":{"rendered":"http:\/\/caissebiz.thedev.ca\/fr\/?page_id=157"},"modified":"2021-02-11T16:10:10","modified_gmt":"2021-02-11T21:10:10","slug":"personnel","status":"publish","type":"page","link":"https:\/\/caissebiz.thedev.ca\/fr\/personnel\/","title":{"rendered":"Services bancaires aux particuliers"},"content":{"rendered":"<p>Nous le rendons facile et pratique pour vous, avec 19 centres de services, des guichets automatiques, le paiement direct ainsi que notre service bancaire en ligne et par t\u00e9l\u00e9phone.<\/p>\n<p>Pour tous les moments significatifs dans votre vie, qu\u2019ils soient petits ou grands, nos <a href=\"..\/trouvez-un-centre\">conseillers en finances personnelles<\/a> peuvent vous aider \u00e0 \u00e9pargner, fructifier et g\u00e9rer votre argent.<\/p>\n<p>&nbsp;<\/p>\n<div class=\"row\"><div class=\"col-md-3\">\n<div style=\"background-color: #8c8c8c; padding: 3% 8% 8% 8%; height: 380px;\">\n<h3 style=\"color: white;\">Comptes ch\u00e8ques<\/h3>\n<p style=\"color: white;\">Caisse Groupe Financier offre des comptes ch\u00e8ques qui conviennent \u00e0 tous les go\u00fbts, y compris les comptes sans frais et les comptes \u00e0 forfaits abordables.<\/p>\n<p><a class=\"btn btn-primary\" href=\"..\/personnel\/cheques\/\">En savoir plus<\/a><\/p>\n<\/div>\n<p>&emsp;<br \/>\n<\/div>\n<div class=\"col-md-3\">\n<div style=\"background-color: #86d0ec; padding: 3% 8% 8% 8%; height: 380px;\">\n<h3 style=\"color: white;\">Comptes \u00e9pargne<\/h3>\n<p style=\"color: white;\">Avec nos comptes \u00e9pargne, vous profitez des int\u00e9r\u00eats et aucun frais mensuel pour fructifier vos \u00e9pargnes plus vite.<\/p>\n<p><a class=\"btn btn-primary\" href=\"..\/personnel\/comptes-epargne\/\">En savoir plus<\/a><\/p>\n<p>&nbsp;<\/p>\n<\/div>\n<p>&emsp;<br \/>\n<\/div>\n<div class=\"col-md-3\">\n<div style=\"background-color: #2babe2; padding: 3% 8% 8% 8%; height: 380px;\">\n<h3 style=\"color: white;\">Comptes<br \/>\nsans frais<\/h3>\n<p style=\"color: white;\">Nous offrons des comptes sans frais pour toute la famille, du plus jeune au plus \u00e2g\u00e9, pour vous aider \u00e0 faire cro\u00eetre vos \u00e9pargnes rapidement.<\/p>\n<p><a class=\"btn btn-primary\" href=\"..\/personnel\/comptes-sans-frais\/\">En savoir plus<\/a><\/p>\n<\/div>\n<p>&emsp;<br \/>\n<\/div>\n<div class=\"col-md-3\">\n<div style=\"background-color: #00364c; padding: 3% 8% 8% 8%; height: 380px;\">\n<h3 style=\"color: white;\">Investissements<\/h3>\n<p style=\"color: white;\">Nous offrons une pleine gamme d\u2019investissements qui vous aidera \u00e0 r\u00e9aliser vos objectifs, que ce soit vos \u00e9tudes, votre retraite, un voyage ou autres aspirations.<\/p>\n<p><a class=\"btn btn-primary\" href=\"..\/personnel\/investissements\/\">En savoir plus<\/a><\/p>\n<\/div>\n<p>&emsp;<br \/>\n<\/div>\n<\/div>\n<div class=\"row\">\n<div class=\"col-md-3\">\n<div style=\"background-color: #2babe2; padding: 3% 8% 8% 8%; height: 380px;\">\n<h3 style=\"color: white;\">Cartes<br \/>\nde cr\u00e9dit<\/h3>\n<p style=\"color: white;\">Nous offrons maintenant notre propre gamme de cartes de cr\u00e9dit Caisse avec des options avantageuses comprenant : des remises en argent, des r\u00e9compenses g\u00e9niales, l\u2019assurance voyage, la protection responsabilit\u00e9 z\u00e9ro en cas de fraude et plus encore.<\/p>\n<p><a class=\"btn btn-primary\" href=\"https:\/\/www.collabriacreditcards.ca\/affiliate_caisse-financial-group\/fr\/cartes-personnelles\">En savoir plus<\/a><\/p>\n<\/div>\n<p>&emsp;<br \/>\n<\/div>\n<div class=\"col-md-3\">\n<div style=\"background-color: #00364c; padding: 3% 8% 8% 8%; height: 380px;\">\n<h3 style=\"color: white;\">Hypoth\u00e8ques<\/h3>\n<p style=\"color: white;\">Choisir la meilleure hypoth\u00e8que est aussi important que choisir la demeure parfaite.<\/p>\n<p><a class=\"btn btn-primary\" href=\"..\/personnel\/hypotheques\/\">En savoir plus<\/a><\/p>\n<\/div>\n<p>&emsp;<br \/>\n<\/div>\n<div class=\"col-md-3\">\n<div style=\"background-color: #8c8c8c; padding: 3% 8% 8% 8%; height: 380px;\">\n<h3 style=\"color: white;\">Pr\u00eats<\/h3>\n<p style=\"color: white;\">Taux d\u2019int\u00e9r\u00eat avantageux et remboursements flexibles qui conviennent \u00e0 votre style de vie.<\/p>\n<p><a class=\"btn btn-primary\" href=\"..\/personnel\/prets\/\">En savoir plus<\/a><\/p>\n<\/div>\n<p>&emsp;<br \/>\n<\/div>\n<div class=\"col-md-3\">\n<div style=\"background-color: #86d0ec; padding: 3% 8% 8% 8%; height: 380px;\">\n<h3 style=\"color: white;\">Marges<br \/>\nde cr\u00e9dit<\/h3>\n<p style=\"color: white;\">Acc\u00e8s imm\u00e9diat \u00e0 des fonds quand n\u00e9cessaire.<\/p>\n<p><a class=\"btn btn-primary\" href=\"..\/personnel\/marge-de-credit\/\">En savoir plus<\/a><\/p>\n<\/div>\n<p>&emsp;<br \/>\n<\/div>\n<\/div>\n<div class=\"row\">\n<div class=\"col-md-3\">\n<div style=\"background-color: #00364c; padding: 3% 8% 8% 8%; height: 380px;\">\n<h3 style=\"color: white;\">Planification financi\u00e8re<\/h3>\n<p style=\"color: white;\">Le but de la planification financi\u00e8re est d\u2019\u00e9tablir vos objectifs financiers \u00e0 long terme et de d\u00e9velopper le plan qui vous faut pour les r\u00e9aliser.<\/p>\n<p><a class=\"btn btn-primary\" href=\"..\/planification-financiere\/\">En savoir plus<\/a><\/p>\n<\/div>\n<p>&emsp;<br \/>\n<\/div>\n<div class=\"col-md-3\">\n<div style=\"background-color: #8c8c8c; padding: 3% 8% 8% 8%; height: 380px;\">\n<h3 style=\"color: white;\">Assurance<\/h3>\n<p style=\"color: white;\">Assurez-vous que vous et vos proches soient bien pr\u00e9par\u00e9s pour les impr\u00e9vus avec la protection de l\u2019assurance.<\/p>\n<p><a class=\"btn btn-primary\" href=\"..\/assurance\/\">En savoir plus<\/a><\/p>\n<\/div>\n<p>&emsp;<br \/>\n<\/div>\n<\/div>\n","protected":false},"excerpt":{"rendered":"<p>Nous le rendons facile et pratique pour vous, avec 19 centres de services, des guichets automatiques, le paiement direct ainsi que notre service bancaire en ligne et par t\u00e9l\u00e9phone. Pour tous les moments significatifs dans votre vie, qu\u2019ils soient petits ou grands, nos conseillers en finances personnelles peuvent vous aider \u00e0 \u00e9pargner, fructifier et g\u00e9rer [&hellip;]<\/p>\n","protected":false},"author":1,"featured_media":0,"parent":0,"menu_order":0,"comment_status":"closed","ping_status":"closed","template":"tpl_page_right_sidebar.php","meta":[],"_links":{"self":[{"href":"https:\/\/caissebiz.thedev.ca\/fr\/wp-json\/wp\/v2\/pages\/157\/"}],"collection":[{"href":"https:\/\/caissebiz.thedev.ca\/fr\/wp-json\/wp\/v2\/pages\/"}],"about":[{"href":"https:\/\/caissebiz.thedev.ca\/fr\/wp-json\/wp\/v2\/types\/page\/"}],"author":[{"embeddable":true,"href":"https:\/\/caissebiz.thedev.ca\/fr\/wp-json\/wp\/v2\/users\/1\/"}],"replies":[{"embeddable":true,"href":"https:\/\/caissebiz.thedev.ca\/fr\/wp-json\/wp\/v2\/comments\/?post=157"}],"version-history":[{"count":3,"href":"https:\/\/caissebiz.thedev.ca\/fr\/wp-json\/wp\/v2\/pages\/157\/revisions\/"}],"predecessor-version":[{"id":22302,"href":"https:\/\/caissebiz.thedev.ca\/fr\/wp-json\/wp\/v2\/pages\/157\/revisions\/22302\/"}],"wp:attachment":[{"href":"https:\/\/caissebiz.thedev.ca\/fr\/wp-json\/wp\/v2\/media\/?parent=157"}],"curies":[{"name":"wp","href":"https:\/\/api.w.org\/{rel}","templated":true}]}}