{"id":1757,"date":"2015-11-24T18:18:52","date_gmt":"2015-11-24T23:18:52","guid":{"rendered":"http:\/\/caissebiz.thedev.ca\/fr\/?page_id=1757"},"modified":"2020-08-16T12:34:17","modified_gmt":"2020-08-16T17:34:17","slug":"regime-enregistre-epargne-retraite-reer","status":"publish","type":"page","link":"https:\/\/caissebiz.thedev.ca\/fr\/personnel\/regime-enregistre-epargne-retraite-reer\/","title":{"rendered":"R\u00e9gime enregistr\u00e9 d&#8217;\u00e9pargne-retraite (REER)"},"content":{"rendered":"<h3>\u00c9pargner vos fonds dans un REER au cours de votre carri\u00e8re vous aidera \u00e0 b\u00e2tir un fonds de retraite ad\u00e9quat.<\/h3>\n<p>Votre retraite devrait \u00eatre la r\u00e9compense ultime pour toutes vos ann\u00e9es de service.<\/p>\n<p><strong>Questions ?<\/strong><br \/>\n<a href=\"..\/..\/trouvez-un-centre\">Contactez un centre de services pr\u00e8s de chez vous<\/a><br \/>\n&emsp;<br \/>\n<a href=\"..\/..\/foire-aux-questions\/\"><img loading=\"lazy\" src=\"..\/..\/..\/wp-content\/uploads\/2020\/07\/FAQ-Btn-FR.png\" alt=\"Cliquez ici pour consulter la FAQ\" width=\"207\" height=\"39\" class=\"alignleft size-full wp-image-18665\" \/><\/a><\/p>\n","protected":false},"excerpt":{"rendered":"<p>\u00c9pargner vos fonds dans un REER au cours de votre carri\u00e8re vous aidera \u00e0 b\u00e2tir un fonds de retraite ad\u00e9quat. Votre retraite devrait \u00eatre la r\u00e9compense ultime pour toutes vos ann\u00e9es de service. Questions ? Contactez un centre de services pr\u00e8s de chez vous &emsp;<\/p>\n","protected":false},"author":1,"featured_media":18069,"parent":157,"menu_order":0,"comment_status":"closed","ping_status":"closed","template":"tpl_accounts_personal.php","meta":[],"_links":{"self":[{"href":"https:\/\/caissebiz.thedev.ca\/fr\/wp-json\/wp\/v2\/pages\/1757\/"}],"collection":[{"href":"https:\/\/caissebiz.thedev.ca\/fr\/wp-json\/wp\/v2\/pages\/"}],"about":[{"href":"https:\/\/caissebiz.thedev.ca\/fr\/wp-json\/wp\/v2\/types\/page\/"}],"author":[{"embeddable":true,"href":"https:\/\/caissebiz.thedev.ca\/fr\/wp-json\/wp\/v2\/users\/1\/"}],"replies":[{"embeddable":true,"href":"https:\/\/caissebiz.thedev.ca\/fr\/wp-json\/wp\/v2\/comments\/?post=1757"}],"version-history":[{"count":0,"href":"https:\/\/caissebiz.thedev.ca\/fr\/wp-json\/wp\/v2\/pages\/1757\/revisions\/"}],"up":[{"embeddable":true,"href":"https:\/\/caissebiz.thedev.ca\/fr\/wp-json\/wp\/v2\/pages\/157\/"}],"wp:featuredmedia":[{"embeddable":true,"href":"https:\/\/caissebiz.thedev.ca\/fr\/wp-json\/wp\/v2\/media\/18069\/"}],"wp:attachment":[{"href":"https:\/\/caissebiz.thedev.ca\/fr\/wp-json\/wp\/v2\/media\/?parent=1757"}],"curies":[{"name":"wp","href":"https:\/\/api.w.org\/{rel}","templated":true}]}}