{"id":18390,"date":"2020-07-05T18:07:52","date_gmt":"2020-07-05T23:07:52","guid":{"rendered":"http:\/\/caisse-staging.azurewebsites.net\/staging\/?page_id=18390"},"modified":"2020-07-05T18:12:34","modified_gmt":"2020-07-05T23:12:34","slug":"voici-les-pires-habitudes-financieres-que-les-parents-enseignent-a-leurs-enfants","status":"publish","type":"page","link":"https:\/\/caissebiz.thedev.ca\/fr\/voici-les-pires-habitudes-financieres-que-les-parents-enseignent-a-leurs-enfants\/","title":{"rendered":"Voici les pires habitudes financi\u00e8res que les parents enseignent \u00e0 leurs enfants"},"content":{"rendered":"<p style=\"color: #6d6e70; font-size: 26px;\">Les parents qui \u00e9pargnent ont un impact diff\u00e9rent sur le comportement de leurs enfants par rapport \u00e0 ceux qui n&#8217;\u00e9pargnent pas.<\/p>\n<p>Les mauvaises habitudes financi\u00e8res commencent \u00e0 un jeune \u00e2ge.<\/p>\n<p>Les parents qui ont des mauvaises habitudes financi\u00e8res sont plus enclin \u00e0 les transmettre \u00e0 leurs enfants, c&#8217;est le constat d&#8217;une nouvelle \u00e9tude du groupe de gestion d&#8217;actifs T. Rowe Price. La firme a sond\u00e9 environ 1\u00a0000 parents d&#8217;enfants \u00e2g\u00e9s de 8 \u00e0 14 ans, puis a sond\u00e9 ces m\u00eames enfants s\u00e9par\u00e9ment.<\/p>\n<ul>\n<li>Environ 98\u00a0% des enfants dont les parents poss\u00e8dent au moins trois types de placement \u2014 \u00e9pargne-retraite, fonds d&#8217;urgence ou \u00e9pargne-\u00e9tude, par exemple \u2014 ont dit avoir des \u00e9conomies, par rapport \u00e0 86\u00a0% des enfants dont les parents n&#8217;ont pas trois types de placement.<\/li>\n<li>Les enfants \u00e9conomes sont aussi plus enclin \u00e0 dire qu&#8217;ils parlent d&#8217;argent avec leurs parents: 83\u00a0% compar\u00e9 \u00e0 66\u00a0% de ceux dont les parents n&#8217;ont pas autant de types de placement diff\u00e9rents.<\/li>\n<\/ul>\n<p>Et les bonnes habitudes des enfants \u00e9conomes se poursuivent:<\/p>\n<ul>\n<li>Ils sont moins port\u00e9s \u00e0 dire qu&#8217;ils d\u00e9pensent leur argent aussit\u00f4t qu&#8217;ils le re\u00e7oivent: 40\u00a0% versus 52\u00a0% de ceux dont les parents n&#8217;ont pas au moins trois types de placement.<\/li>\n<\/ul>\n<p>Ce nombre \u00e9tait d&#8217;autant plus frappant parmi les parents qui ont d\u00e9clar\u00e9 avoir fait faillite:<\/p>\n<ul>\n<li>71\u00a0% de ceux qui ont d\u00e9clar\u00e9 faillite avaient des enfants qui d\u00e9pensent aussit\u00f4t qu&#8217;ils re\u00e7oivent de l&#8217;argent, par rapport \u00e0 42\u00a0% de ceux qui n&#8217;ont jamais d\u00e9clar\u00e9 faillite.<\/li>\n<\/ul>\n<p>\u00ab Ce n&#8217;est pas surprenant, mais tout de m\u00eame triste, que les parents ayant d&#8217;inqui\u00e9tantes habitudes financi\u00e8res semblent les transmettre \u00e0 leurs enfants, \u00bb dit Roger Young, un planificateur financier senior chez T. Rowe Price, dans le rapport. \u00ab Ces parents sont confront\u00e9s \u00e0 la double cons\u00e9quence de leurs propres erreurs financi\u00e8res et de la perspective que leurs enfants soient programm\u00e9s \u00e0 les imiter. \u00bb<\/p>\n<p>Ce n&#8217;est pas une cause perdue, constate la firme. Young recommande de discuter ouvertement de finances avec nos enfants \u2014 m\u00eames les erreurs financi\u00e8res, pour que toute la famille puisse apprendre de celles-ci et ainsi \u00e9viter de transmettre la honte ou la g\u00eane \u00e0 propos de l&#8217;argent \u00e0 la prochaine g\u00e9n\u00e9ration.<\/p>\n<ul>\n<li>Les parents qui discutent de sujets financiers avec leurs enfants au moins une fois par semaine sont plus enclin \u00e0 avoir des enfants qui se disent \u00e9duqu\u00e9s financi\u00e8rement \u2014 64\u00a0% compar\u00e9 \u00e0 41\u00a0% qui disent ne pas l&#8217;\u00eatre.<\/li>\n<\/ul>\n<p>Laisser les enfants g\u00e9rer leur propre argent peut aider:<\/p>\n<ul>\n<li>Pr\u00e8s de la moiti\u00e9 des parents sond\u00e9s ont dit laisser leurs enfants d\u00e9cider comment \u00e9pargner et d\u00e9penser leur argent \u00e0 leur fa\u00e7on.<\/li>\n<li>De ceux-ci, 40\u00a0% des enfants ont dit d\u00e9penser leur argent aussit\u00f4t qu&#8217;ils la re\u00e7oivent, en comparaison \u00e0 53\u00a0% de ceux qui n&#8217;ont pas le contr\u00f4le de leur argent.<\/li>\n<li>Et les enfants qui contr\u00f4lent leur propre argent sont aussi 13\u00a0% moins port\u00e9s \u00e0 s&#8217;attendre \u00e0 ce que leurs parents leur ach\u00e8tent tout ce qu&#8217;ils veulent.<\/li>\n<\/ul>\n<p><strong>Lire l&#8217;article original (en anglais seulement): <\/strong><a href=\"http:\/\/www.marketwatch.com\/story\/these-are-the-worst-money-habits-parents-teach-their-kids-2017-03-24\">These are the worst money habits parents teach their kids.<\/a><\/p>\n","protected":false},"excerpt":{"rendered":"<p>Les parents qui \u00e9pargnent ont un impact diff\u00e9rent sur le comportement de leurs enfants par rapport \u00e0 ceux qui n&#8217;\u00e9pargnent pas. Les mauvaises habitudes financi\u00e8res commencent \u00e0 un jeune \u00e2ge. Les parents qui ont des mauvaises habitudes financi\u00e8res sont plus enclin \u00e0 les transmettre \u00e0 leurs enfants, c&#8217;est le constat d&#8217;une nouvelle \u00e9tude du groupe [&hellip;]<\/p>\n","protected":false},"author":7,"featured_media":0,"parent":0,"menu_order":0,"comment_status":"closed","ping_status":"closed","template":"tpl_page_right_sidebar.php","meta":[],"_links":{"self":[{"href":"https:\/\/caissebiz.thedev.ca\/fr\/wp-json\/wp\/v2\/pages\/18390\/"}],"collection":[{"href":"https:\/\/caissebiz.thedev.ca\/fr\/wp-json\/wp\/v2\/pages\/"}],"about":[{"href":"https:\/\/caissebiz.thedev.ca\/fr\/wp-json\/wp\/v2\/types\/page\/"}],"author":[{"embeddable":true,"href":"https:\/\/caissebiz.thedev.ca\/fr\/wp-json\/wp\/v2\/users\/7\/"}],"replies":[{"embeddable":true,"href":"https:\/\/caissebiz.thedev.ca\/fr\/wp-json\/wp\/v2\/comments\/?post=18390"}],"version-history":[{"count":0,"href":"https:\/\/caissebiz.thedev.ca\/fr\/wp-json\/wp\/v2\/pages\/18390\/revisions\/"}],"wp:attachment":[{"href":"https:\/\/caissebiz.thedev.ca\/fr\/wp-json\/wp\/v2\/media\/?parent=18390"}],"curies":[{"name":"wp","href":"https:\/\/api.w.org\/{rel}","templated":true}]}}