{"id":21726,"date":"2020-12-29T14:22:13","date_gmt":"2020-12-29T19:22:13","guid":{"rendered":"https:\/\/caissebiz.thedev.ca\/?page_id=21726"},"modified":"2021-01-25T10:53:32","modified_gmt":"2021-01-25T15:53:32","slug":"aga","status":"publish","type":"page","link":"https:\/\/caissebiz.thedev.ca\/fr\/aga\/","title":{"rendered":"Inscription AGA"},"content":{"rendered":"<p>&nbsp;<\/p>\n<p>La p\u00e9riode d\u2019inscriptions pour notre assembl\u00e9e g\u00e9n\u00e9rale annuelle virtuelle, le 27 janvier 2021 est maintenant termin\u00e9e.<\/p>\n<p>Si vous avez des questions concernant le d\u00e9roulement de la rencontre virtuelle,<br \/>\nveuillez envoyer un courriel \u00e0 <b>AGA@Caisse.biz<\/b>.<\/p>\n","protected":false},"excerpt":{"rendered":"<p>&nbsp; La p\u00e9riode d\u2019inscriptions pour notre assembl\u00e9e g\u00e9n\u00e9rale annuelle virtuelle, le 27 janvier 2021 est maintenant termin\u00e9e. Si vous avez des questions concernant le d\u00e9roulement de la rencontre virtuelle, veuillez envoyer un courriel \u00e0 AGA@Caisse.biz.<\/p>\n","protected":false},"author":13,"featured_media":0,"parent":0,"menu_order":0,"comment_status":"closed","ping_status":"closed","template":"","meta":[],"_links":{"self":[{"href":"https:\/\/caissebiz.thedev.ca\/fr\/wp-json\/wp\/v2\/pages\/21726\/"}],"collection":[{"href":"https:\/\/caissebiz.thedev.ca\/fr\/wp-json\/wp\/v2\/pages\/"}],"about":[{"href":"https:\/\/caissebiz.thedev.ca\/fr\/wp-json\/wp\/v2\/types\/page\/"}],"author":[{"embeddable":true,"href":"https:\/\/caissebiz.thedev.ca\/fr\/wp-json\/wp\/v2\/users\/13\/"}],"replies":[{"embeddable":true,"href":"https:\/\/caissebiz.thedev.ca\/fr\/wp-json\/wp\/v2\/comments\/?post=21726"}],"version-history":[{"count":9,"href":"https:\/\/caissebiz.thedev.ca\/fr\/wp-json\/wp\/v2\/pages\/21726\/revisions\/"}],"predecessor-version":[{"id":22156,"href":"https:\/\/caissebiz.thedev.ca\/fr\/wp-json\/wp\/v2\/pages\/21726\/revisions\/22156\/"}],"wp:attachment":[{"href":"https:\/\/caissebiz.thedev.ca\/fr\/wp-json\/wp\/v2\/media\/?parent=21726"}],"curies":[{"name":"wp","href":"https:\/\/api.w.org\/{rel}","templated":true}]}}