{"id":23064,"date":"2021-05-13T15:35:03","date_gmt":"2021-05-13T20:35:03","guid":{"rendered":"https:\/\/caissebiz.thedev.ca\/?page_id=23064"},"modified":"2021-05-19T13:12:27","modified_gmt":"2021-05-19T18:12:27","slug":"flash-interac","status":"publish","type":"page","link":"https:\/\/caissebiz.thedev.ca\/fr\/flash-interac\/","title":{"rendered":"Limites Flash <em>Interac<\/em> (Tap)"},"content":{"rendered":"<p>&nbsp;<br \/>\nAfin de rendre les paiements sans contact plus faciles, les limites <em>Interac<\/em> sont maintenant augment\u00e9es! <\/p>\n<p>D\u00e8s maintenant, les limites pour Flash <em>Interac<\/em> (Tap) peuvent augmenter \u00e0 250$ par transaction et \u00e0 400$ cumulatif.  <\/p>\n<p>Pour activer les nouvelles limites, les d\u00e9tenteurs de carte de d\u00e9bit devront effectuer 3 transactions cons\u00e9cutives dans un terminal Interac en utilisant leur num\u00e9ro d&#8217;identification personnel (NIP).<\/p>\n<p>Veuillez consulter la section FAQ ici-dessous. N&#8217;h\u00e9sitez pas \u00e0 <a href=\"https:\/\/caissebiz.thedev.ca\/fr\/trouvez-un-centre\/\">communiquer avec votre centre de services<\/a> pour toutes autres questions relatives \u00e0 ce changement.<\/p>\n<p>&nbsp;<br \/>\n<a class=\"btn btn-primary\" href=\"https:\/\/caissebiz.thedev.ca\/fr\/virement-interac\/\">Voir les produits <em>Interac<\/em><\/a><br \/>\n&nbsp;<\/p>\n","protected":false},"excerpt":{"rendered":"<p>&nbsp; Afin de rendre les paiements sans contact plus faciles, les limites Interac sont maintenant augment\u00e9es! D\u00e8s maintenant, les limites pour Flash Interac (Tap) peuvent augmenter \u00e0 250$ par transaction et \u00e0 400$ cumulatif. Pour activer les nouvelles limites, les d\u00e9tenteurs de carte de d\u00e9bit devront effectuer 3 transactions cons\u00e9cutives dans un terminal Interac en [&hellip;]<\/p>\n","protected":false},"author":13,"featured_media":23068,"parent":0,"menu_order":0,"comment_status":"closed","ping_status":"closed","template":"tpl_dual_editor.php","meta":[],"_links":{"self":[{"href":"https:\/\/caissebiz.thedev.ca\/fr\/wp-json\/wp\/v2\/pages\/23064\/"}],"collection":[{"href":"https:\/\/caissebiz.thedev.ca\/fr\/wp-json\/wp\/v2\/pages\/"}],"about":[{"href":"https:\/\/caissebiz.thedev.ca\/fr\/wp-json\/wp\/v2\/types\/page\/"}],"author":[{"embeddable":true,"href":"https:\/\/caissebiz.thedev.ca\/fr\/wp-json\/wp\/v2\/users\/13\/"}],"replies":[{"embeddable":true,"href":"https:\/\/caissebiz.thedev.ca\/fr\/wp-json\/wp\/v2\/comments\/?post=23064"}],"version-history":[{"count":10,"href":"https:\/\/caissebiz.thedev.ca\/fr\/wp-json\/wp\/v2\/pages\/23064\/revisions\/"}],"predecessor-version":[{"id":23081,"href":"https:\/\/caissebiz.thedev.ca\/fr\/wp-json\/wp\/v2\/pages\/23064\/revisions\/23081\/"}],"wp:featuredmedia":[{"embeddable":true,"href":"https:\/\/caissebiz.thedev.ca\/fr\/wp-json\/wp\/v2\/media\/23068\/"}],"wp:attachment":[{"href":"https:\/\/caissebiz.thedev.ca\/fr\/wp-json\/wp\/v2\/media\/?parent=23064"}],"curies":[{"name":"wp","href":"https:\/\/api.w.org\/{rel}","templated":true}]}}